{"id":72,"date":"2014-07-18T09:46:55","date_gmt":"2014-07-18T07:46:55","guid":{"rendered":"http:\/\/www2.aufdraht.org\/?page_id=72"},"modified":"2021-05-24T21:03:04","modified_gmt":"2021-05-24T19:03:04","slug":"danke","status":"publish","type":"page","link":"https:\/\/aufdraht.org\/?page_id=72","title":{"rendered":"danke"},"content":{"rendered":"<p>wir freuen uns, dass aufdraht viele freundInnen hat, die unsere arbeit unterst\u00fctzen und\/oder punktuell mit uns zusammenarbeiten. die sollen nicht unerw\u00e4hnt bleiben:<\/p>\n<ul>\n<li>dass es diese <strong>webseitn<\/strong> \u00fcberhaupt gibt, verdanken wir unserer webadmina regi und unserem langj\u00e4hrigen sysadmin roland aka &#8222;janki&#8220;. bei der alten <a href=\"http:\/\/archiv.aufdraht.org\" target=\"_blank\" rel=\"noopener noreferrer\">webseitn<\/a>\u00a0hat uns die <a href=\"http:\/\/fox.co.at\/\" target=\"_blank\" rel=\"noopener noreferrer\">fox <\/a>beim start geholfen. grafisch unterst\u00fctzt uns vorrangig <a href=\"http:\/\/www.hiasl.at\/\" target=\"_blank\" rel=\"noopener noreferrer\">der hiasl<\/a>.<\/li>\n<li>dass unsere audioproduktionen on demand sind verdanken wir dem <a href=\"https:\/\/cba.fro.at\/info\" target=\"_blank\" rel=\"noopener\">cultural broadcast archive (CBA) <\/a>und insbesondere dem dort aktiven ingo.<\/li>\n<\/ul>\n<ul>\n<li>dass wir auch <strong>on air<\/strong> zu h\u00f6ren sind, verdanken wir vor allem den <a href=\"http:\/\/www.freie-radios.at\" target=\"_blank\" rel=\"noopener noreferrer\">Freien Radios in \u00d6sterreich<\/a>.<\/li>\n<li><a style=\"font-weight: inherit; font-style: inherit; color: #003399;\" href=\"http:\/\/www.o94.at\/\" target=\"_blank\" rel=\"noopener noreferrer\"><img loading=\"lazy\" decoding=\"async\" class=\"alignnone  wp-image-355\" title=\"o94.0\" src=\"https:\/\/aufdraht.org\/wp-content\/uploads\/2021\/05\/o94.png\" alt=\"\" width=\"105\" height=\"73\" \/><\/a><a style=\"font-weight: inherit; font-style: inherit; color: #003399;\" href=\"http:\/\/www.freirad.at\/\" target=\"_blank\" rel=\"noopener noreferrer\"><img loading=\"lazy\" decoding=\"async\" class=\"alignnone  wp-image-355\" title=\"freirad_web_300\" src=\"http:\/\/literadio.org\/wp-content\/uploads\/2012\/03\/freirad_web_300-150x104.jpg\" alt=\"\" width=\"105\" height=\"73\" \/><\/a><a style=\"font-weight: inherit; font-style: inherit; color: #003399;\" href=\"http:\/\/www.fro.at\/\" target=\"_blank\" rel=\"noopener noreferrer\"><img loading=\"lazy\" decoding=\"async\" class=\"alignnone  wp-image-363\" title=\"_FRO_Logo_Vektoren_schwarz\" src=\"http:\/\/literadio.org\/wp-content\/uploads\/2012\/02\/FRO_Logo_Vektoren_schwarz-150x141.jpg\" alt=\"FRO\" width=\"74\" height=\"69\" \/>\u00a0\u00a0<img loading=\"lazy\" decoding=\"async\" class=\"alignnone  wp-image-364\" title=\"frs_logo_small\" src=\"http:\/\/literadio.org\/wp-content\/uploads\/2012\/02\/frs_logo_small-150x81.jpg\" alt=\"\" width=\"120\" height=\"65\" \/><br \/>\n<\/a><a style=\"font-weight: inherit; font-style: inherit; color: #003399;\" href=\"http:\/\/www.freequenns.at\/\" target=\"_blank\" rel=\"noopener noreferrer\"><img loading=\"lazy\" decoding=\"async\" class=\"alignnone  wp-image-365\" title=\"Freequenns_web\" src=\"http:\/\/literadio.org\/wp-content\/uploads\/2012\/02\/Freequenns_web-150x80.png\" alt=\"\" width=\"120\" height=\"64\" \/><\/a><a class=\"wp-image-355 alignleft\" style=\"font-weight: inherit; font-style: inherit; color: #003399;\" title=\"orange 94.0\" href=\"http:\/\/www.o94.at\/\" target=\"_blank\" rel=\"noopener noreferrer\">\u00a0\u00a0<\/a><a style=\"font-weight: inherit; font-style: inherit; color: #003399;\" href=\"http:\/\/radio-b138.at\/\" target=\"_blank\" rel=\"noopener noreferrer\"><img loading=\"lazy\" decoding=\"async\" class=\"alignnone  wp-image-360\" title=\"RadbioB138logo\" src=\"http:\/\/literadio.org\/wp-content\/uploads\/2012\/03\/RadbioB138logo-150x95.png\" alt=\"\" width=\"105\" height=\"67\" \/><\/a><a class=\"wp-image-355 alignleft\" style=\"font-weight: inherit; font-style: inherit; color: #003399;\" title=\"orange 94.0\" href=\"http:\/\/www.o94.at\/\" target=\"_blank\" rel=\"noopener noreferrer\">\u00a0\u00a0<\/a><a style=\"font-weight: inherit; font-style: inherit; color: #003399;\" href=\"http:\/\/www.helsinki.at\/\" target=\"_blank\" rel=\"noopener noreferrer\"><img loading=\"lazy\" decoding=\"async\" class=\"alignnone  wp-image-358\" title=\"proton\" src=\"http:\/\/literadio.org\/wp-content\/uploads\/2012\/03\/mainlogo.png\" alt=\"\" width=\"118\" height=\"72\" \/>\u00a0<img loading=\"lazy\" decoding=\"async\" class=\"alignnone wp-image-767\" title=\"helsinki_bar_black-white\" src=\"http:\/\/literadio.org\/wp-content\/uploads\/2012\/02\/helsinki_bar_black-white-150x41.jpg\" alt=\"Logo Radio Helsinki\" width=\"126\" height=\"43\" \/><br \/>\n<\/a><a class=\"wp-image-355 alignleft\" style=\"font-weight: inherit; font-style: inherit; color: #003399;\" title=\"orange 94.0\" href=\"http:\/\/www.o94.at\/\" target=\"_blank\" rel=\"noopener noreferrer\"><br \/>\n<\/a><a style=\"font-weight: inherit; color: #003399;\" href=\"http:\/\/www.radiofabrik.at\/\" target=\"_blank\" rel=\"noopener noreferrer\"><img loading=\"lazy\" decoding=\"async\" class=\"alignnone  wp-image-357\" title=\"logo_radiofabrik2011\" src=\"http:\/\/literadio.org\/wp-content\/uploads\/2012\/03\/logo_radiofabrik2011-300x60.gif\" alt=\"\" width=\"126\" height=\"25\" \/><\/a><a class=\"wp-image-355 alignleft\" style=\"font-weight: inherit; font-style: inherit; color: #003399;\" title=\"orange 94.0\" href=\"http:\/\/www.o94.at\/\" target=\"_blank\" rel=\"noopener noreferrer\">\u00a0\u00a0\u00a0<\/a><a style=\"font-weight: inherit; font-style: inherit; color: #003399;\" href=\"http:\/\/www.frf.at\/\" target=\"_blank\" rel=\"noopener noreferrer\"><img loading=\"lazy\" decoding=\"async\" class=\"alignnone  wp-image-361\" title=\"FRF_logo_web\" src=\"http:\/\/literadio.org\/wp-content\/uploads\/2012\/03\/FRF_logo_web-150x35.png\" alt=\"\" width=\"120\" height=\"28\" \/><\/a><a class=\"wp-image-355 alignleft\" style=\"font-weight: inherit; font-style: inherit; color: #003399;\" title=\"orange 94.0\" href=\"http:\/\/www.o94.at\/\" target=\"_blank\" rel=\"noopener noreferrer\">\u00a0<\/a><a style=\"font-weight: inherit; font-style: inherit; color: #003399;\" href=\"http:\/\/www.campusradio.at\/desktop\/\" target=\"_blank\" rel=\"noopener noreferrer\"><img loading=\"lazy\" decoding=\"async\" class=\"alignnone wp-image-760\" title=\"CityR_Logo_N_2\" src=\"http:\/\/literadio.org\/wp-content\/uploads\/2012\/09\/CityR_Logo_N_2-150x75.png\" alt=\"\" width=\"60\" height=\"34\" \/><\/a>Zus\u00e4tzlich werden Beitr\u00e4ge von nicht-kommerziellen Stationen in der BRD und der Schweiz ausgestrahlt.<\/li>\n<\/ul>\n","protected":false},"excerpt":{"rendered":"<p>wir freuen uns, dass aufdraht viele freundInnen hat, die unsere arbeit unterst\u00fctzen und\/oder punktuell mit uns zusammenarbeiten. die sollen nicht unerw\u00e4hnt bleiben: dass es diese webseitn \u00fcberhaupt gibt, verdanken wir unserer webadmina regi und unserem langj\u00e4hrigen sysadmin roland aka &#8222;janki&#8220;. bei der alten webseitn\u00a0hat uns die fox beim start geholfen. grafisch unterst\u00fctzt uns vorrangig der &hellip; <a href=\"https:\/\/aufdraht.org\/?page_id=72\" class=\"more-link\">Continue reading <span class=\"screen-reader-text\">danke<\/span> <span class=\"meta-nav\">&rarr;<\/span><\/a><\/p>\n","protected":false},"author":2,"featured_media":0,"parent":1027,"menu_order":0,"comment_status":"open","ping_status":"open","template":"","meta":{"footnotes":""},"_links":{"self":[{"href":"https:\/\/aufdraht.org\/index.php?rest_route=\/wp\/v2\/pages\/72"}],"collection":[{"href":"https:\/\/aufdraht.org\/index.php?rest_route=\/wp\/v2\/pages"}],"about":[{"href":"https:\/\/aufdraht.org\/index.php?rest_route=\/wp\/v2\/types\/page"}],"author":[{"embeddable":true,"href":"https:\/\/aufdraht.org\/index.php?rest_route=\/wp\/v2\/users\/2"}],"replies":[{"embeddable":true,"href":"https:\/\/aufdraht.org\/index.php?rest_route=%2Fwp%2Fv2%2Fcomments&post=72"}],"version-history":[{"count":3,"href":"https:\/\/aufdraht.org\/index.php?rest_route=\/wp\/v2\/pages\/72\/revisions"}],"predecessor-version":[{"id":1248,"href":"https:\/\/aufdraht.org\/index.php?rest_route=\/wp\/v2\/pages\/72\/revisions\/1248"}],"up":[{"embeddable":true,"href":"https:\/\/aufdraht.org\/index.php?rest_route=\/wp\/v2\/pages\/1027"}],"wp:attachment":[{"href":"https:\/\/aufdraht.org\/index.php?rest_route=%2Fwp%2Fv2%2Fmedia&parent=72"}],"curies":[{"name":"wp","href":"https:\/\/api.w.org\/{rel}","templated":true}]}}