{"id":534,"date":"2018-07-09T14:52:56","date_gmt":"2018-07-09T12:52:56","guid":{"rendered":"https:\/\/aufdraht.org\/?page_id=534"},"modified":"2021-06-22T10:33:24","modified_gmt":"2021-06-22T08:33:24","slug":"kosten-ff19","status":"publish","type":"page","link":"https:\/\/aufdraht.org\/?page_id=534","title":{"rendered":"Kosten Fachtagung Freinet 2022"},"content":{"rendered":"<p><em><strong>KOSTEN: <\/strong><\/em><br \/>\na) Der <strong>Teilnahmebeitrag\/Materialbeitrag von \u20ac 45.- (ab 18 Jahren), \u20ac 20 (7-14 Jahre)<br \/>\n<\/strong><br \/>\n&#8230;ist an Frein\u00d6 zu \u00fcberweisen (siehe unten)<br \/>\n&#8230;deckt die Kosten f\u00fcr die allgemein zur Verf\u00fcgung stehenden Materialien, Materialtransport, Raummiete, etc.<br \/>\nBitte Teilnahmebeitrag <strong>bis sp\u00e4testens 1. April 2022 \u00fcberweisen<\/strong>! Da wir keine elektronische Registrierkasse besitzen ist eine BARZAHLUNG NICHT M\u00d6GLICH!<br \/>\nAm \u00dcberweisungsformular als Zahlungsgrund vermerken:<br \/>\n<strong>Name (bitte ident mit Anmeldung!!)+ Teilnahmebeitrag Fachtagung Freinet 2022<br \/>\n<\/strong><\/p>\n<p style=\"text-align: center;\">Bankverbindung:<br \/>\nKooperative Freinet \u00d6sterreich<br \/>\n\u2013IBAN: AT85 3504 7000 7511 6996 &#8211; BIC: RVSAAT2SO47<\/p>\n<p>b) Das <strong>Hotel\/ Aufenthaltskosten<\/strong> (Schloss Hotel Zeillern,<a href=\"https:\/\/www.schloss-zeilern.at\"> www.schloss-zeillern.at<\/a>)<br \/>\n&#8230;ist beim Hotel direkt mit Hinweis auf Fachtagung Freinet zu buchen und zu bezahlen.<br \/>\nmail: office(at) schloss-zeilern.at oder Tel. 07472- 65501<\/p>\n<p style=\"text-align: left;\"><strong>* AUFENTHALT: Vollpension Erwachsene: 75\u20ac \/ Tag<br \/>\n<\/strong><\/p>\n<p style=\"text-align: left;\">Enthalten sind Unterbringung mit Vollpension (ab Freitag Abendessen bis inkl. Dienstag Mittagessen). Es sind daher 4 Tage Vollpension f\u00fcr die Fachtagung zu bezahlen. Das traditionelle &#8222;Mitbringbuffet&#8220; am Freitag Abend entf\u00e4llt, da im Speisesaal des Hotels keine hausfremden Lebensmittel konsumiert werden d\u00fcrfen.<\/p>\n<p>Es gibt mittags und abends ein warmes Buffet. Es wird bei jedem Buffet auch vegetarische Kost angeboten, daher ist eine Anmeldung zum vegetarischen Essen vorab nicht n\u00f6tig. Spezielle Di\u00e4ten bitte bei der Zimmerreservierung angeben. Wir haben das Buffet getestet und es schmeckt sehr gut \ud83d\ude42<br \/>\nEinzelzimmerzuschlag: 16\u20ac\/Tag<br \/>\nzum Zimmerpreis kommt pro Person\/Tag die Ortstaxe von 1,20\u20ac dazu<br \/>\nWer am Dienstag nicht mehr Mittagessen m\u00f6chte, kann sich beim Einchecken davon abmelden und zahlt 5\u20ac weniger.<\/p>\n<p>Kinder bis 3 Jahre frei.\u00a0 Vollpension Kinder(4-6 Jahre) \u20ac 48,5 &#8211; 7-14 Jahre \u20ac 53,50. Kinder zahlen keine Ortstaxe.<\/p>\n","protected":false},"excerpt":{"rendered":"<p>KOSTEN: a) Der Teilnahmebeitrag\/Materialbeitrag von \u20ac 45.- (ab 18 Jahren), \u20ac 20 (7-14 Jahre) &#8230;ist an Frein\u00d6 zu \u00fcberweisen (siehe unten) &#8230;deckt die Kosten f\u00fcr die allgemein zur Verf\u00fcgung stehenden Materialien, Materialtransport, Raummiete, etc. Bitte Teilnahmebeitrag bis sp\u00e4testens 1. April 2022 \u00fcberweisen! Da wir keine elektronische Registrierkasse besitzen ist eine BARZAHLUNG NICHT M\u00d6GLICH! Am \u00dcberweisungsformular &hellip; <a href=\"https:\/\/aufdraht.org\/?page_id=534\" class=\"more-link\">Continue reading <span class=\"screen-reader-text\">Kosten Fachtagung Freinet 2022<\/span> <span class=\"meta-nav\">&rarr;<\/span><\/a><\/p>\n","protected":false},"author":2,"featured_media":0,"parent":1252,"menu_order":0,"comment_status":"closed","ping_status":"closed","template":"","meta":{"footnotes":""},"_links":{"self":[{"href":"https:\/\/aufdraht.org\/index.php?rest_route=\/wp\/v2\/pages\/534"}],"collection":[{"href":"https:\/\/aufdraht.org\/index.php?rest_route=\/wp\/v2\/pages"}],"about":[{"href":"https:\/\/aufdraht.org\/index.php?rest_route=\/wp\/v2\/types\/page"}],"author":[{"embeddable":true,"href":"https:\/\/aufdraht.org\/index.php?rest_route=\/wp\/v2\/users\/2"}],"replies":[{"embeddable":true,"href":"https:\/\/aufdraht.org\/index.php?rest_route=%2Fwp%2Fv2%2Fcomments&post=534"}],"version-history":[{"count":4,"href":"https:\/\/aufdraht.org\/index.php?rest_route=\/wp\/v2\/pages\/534\/revisions"}],"predecessor-version":[{"id":1341,"href":"https:\/\/aufdraht.org\/index.php?rest_route=\/wp\/v2\/pages\/534\/revisions\/1341"}],"up":[{"embeddable":true,"href":"https:\/\/aufdraht.org\/index.php?rest_route=\/wp\/v2\/pages\/1252"}],"wp:attachment":[{"href":"https:\/\/aufdraht.org\/index.php?rest_route=%2Fwp%2Fv2%2Fmedia&parent=534"}],"curies":[{"name":"wp","href":"https:\/\/api.w.org\/{rel}","templated":true}]}}