{"id":532,"date":"2018-07-09T14:51:10","date_gmt":"2018-07-09T12:51:10","guid":{"rendered":"https:\/\/aufdraht.org\/?page_id=532"},"modified":"2022-03-20T10:34:13","modified_gmt":"2022-03-20T09:34:13","slug":"anmeldung-zur-fachtagung-freinet-2019","status":"publish","type":"page","link":"https:\/\/aufdraht.org\/?page_id=532","title":{"rendered":"Anmeldung zur Fachtagung Freinet 2022"},"content":{"rendered":"<p><strong>Die Anmeldung ist geschlossen. Bei Fragen wenden Sie sich bitte direkt per mail (office@aufdraht.org) an das Orga-Team von Frein\u00d6<br \/>\n<\/strong><\/p>\n<p>Wer bereits angemeldet ist hat vor kurzem ein <a href=\"https:\/\/aufdraht.org\/?page_id=1552\" target=\"_blank\" rel=\"noopener\">Infoschreiben<\/a> per mail erhalten und\u00a0 sollte folgendes beachten:<\/p>\n<h6><strong>1) Teilnahmebeitrag \u00fcberweisen<\/strong> <span style=\"color: #000000;\">(siehe &#8222;<a href=\"https:\/\/aufdraht.org\/?page_id=534\">Kosten<\/a>&#8222;).<\/span><\/h6>\n<h6>2) <span style=\"color: #ff0000;\">Anmeldung im <strong>Schloss-Hotel Zeillern<\/strong> f\u00fcr ein <strong>Zimmer<\/strong> bei der Fachtagung:<\/span><\/h6>\n<p>Die Buchung und Bezahlung des Zimmers erfolgt von den TeilnehmerInnen direkt im Hotel: <strong>office@schloss-zeillern.at &#8211; <\/strong>Bitte meldet euch\/melden Sie sich rechtzeitig an, die Zimmeranzahl ist begrenzt.<\/p>\n<h6>3) Corona Vorgaben<\/h6>\n<p class=\"western\" lang=\"de-AT\"><span style=\"font-family: Verdana, serif;\">Die derzeitigen Bestimmungen (Stand 10. M\u00e4rz 2022) f\u00fcr Seminare der P\u00e4dagogischen Hochschule Wien sehen 2,5 G vor und Maskenpflicht bis zum Sitzplatz. Sollten sich diese Vorsichtsma\u00dfnahmen \u00e4ndern, werden wir euch sofort davon informieren.<\/span><\/p>\n<p class=\"western\" lang=\"de-AT\"><span style=\"font-family: Verdana, serif;\">Bitte nehmt die Impf-, Genesungs- und Testnachweise unbedingt mit. Sie werden beim Einchecken in Schloss Zeillern an der Rezeption kontrolliert.<\/span><\/p>\n<p class=\"western\" lang=\"de-AT\"><span style=\"font-family: Verdana, serif;\"><span lang=\"de-DE\">Wir<\/span><\/span><span style=\"font-family: Verdana, serif;\"> bedanken uns schon im Voraus f\u00fcr euer Verst\u00e4ndnis und f\u00fcr die Einhaltung der Sicherheitsbestimmungen im Namen aller Teilnehmer:innen.<\/span><\/p>\n<p class=\"western\" lang=\"de-AT\" align=\"right\"><span style=\"font-family: Verdana, serif;\">Wien, im M\u00e4rz 2022<\/span><\/p>\n","protected":false},"excerpt":{"rendered":"<p>Die Anmeldung ist geschlossen. Bei Fragen wenden Sie sich bitte direkt per mail (office@aufdraht.org) an das Orga-Team von Frein\u00d6 Wer bereits angemeldet ist hat vor kurzem ein Infoschreiben per mail erhalten und\u00a0 sollte folgendes beachten: 1) Teilnahmebeitrag \u00fcberweisen (siehe &#8222;Kosten&#8222;). 2) Anmeldung im Schloss-Hotel Zeillern f\u00fcr ein Zimmer bei der Fachtagung: Die Buchung und Bezahlung &hellip; <a href=\"https:\/\/aufdraht.org\/?page_id=532\" class=\"more-link\">Continue reading <span class=\"screen-reader-text\">Anmeldung zur Fachtagung Freinet 2022<\/span> <span class=\"meta-nav\">&rarr;<\/span><\/a><\/p>\n","protected":false},"author":2,"featured_media":0,"parent":1252,"menu_order":0,"comment_status":"closed","ping_status":"closed","template":"","meta":{"footnotes":""},"_links":{"self":[{"href":"https:\/\/aufdraht.org\/index.php?rest_route=\/wp\/v2\/pages\/532"}],"collection":[{"href":"https:\/\/aufdraht.org\/index.php?rest_route=\/wp\/v2\/pages"}],"about":[{"href":"https:\/\/aufdraht.org\/index.php?rest_route=\/wp\/v2\/types\/page"}],"author":[{"embeddable":true,"href":"https:\/\/aufdraht.org\/index.php?rest_route=\/wp\/v2\/users\/2"}],"replies":[{"embeddable":true,"href":"https:\/\/aufdraht.org\/index.php?rest_route=%2Fwp%2Fv2%2Fcomments&post=532"}],"version-history":[{"count":10,"href":"https:\/\/aufdraht.org\/index.php?rest_route=\/wp\/v2\/pages\/532\/revisions"}],"predecessor-version":[{"id":1554,"href":"https:\/\/aufdraht.org\/index.php?rest_route=\/wp\/v2\/pages\/532\/revisions\/1554"}],"up":[{"embeddable":true,"href":"https:\/\/aufdraht.org\/index.php?rest_route=\/wp\/v2\/pages\/1252"}],"wp:attachment":[{"href":"https:\/\/aufdraht.org\/index.php?rest_route=%2Fwp%2Fv2%2Fmedia&parent=532"}],"curies":[{"name":"wp","href":"https:\/\/api.w.org\/{rel}","templated":true}]}}