{"id":25,"date":"2014-06-30T18:25:38","date_gmt":"2014-06-30T16:25:38","guid":{"rendered":"http:\/\/www2.aufdraht.org\/?page_id=25"},"modified":"2014-06-30T18:25:38","modified_gmt":"2014-06-30T16:25:38","slug":"aktiv","status":"publish","type":"page","link":"https:\/\/aufdraht.org\/?page_id=25","title":{"rendered":"aktiv"},"content":{"rendered":"<p><strong><a href=\"http:\/\/www2.aufdraht.org\/wp-content\/uploads\/2014\/06\/notruf.jpg\"><img loading=\"lazy\" decoding=\"async\" class=\"alignleft size-medium wp-image-37\" src=\"http:\/\/www2.aufdraht.org\/wp-content\/uploads\/2014\/06\/notruf-116x300.jpg\" alt=\"notruf\" width=\"116\" height=\"300\" \/><\/a>aufdraht &#8230;\u00a0<\/strong><span style=\"color: #000000;\">veranstaltet diskussionen, lesungen, konzerte, installationen, ausstellungen, seminare und workshops, setzt kultur- und medienpolitische intiativen und unterst\u00fctzt kulturinitativen und interessierte einzelpersonen bei medialen projekten.\u00a0<\/span><br \/>\n<strong>aufdraht <\/strong>&#8230; macht literaturradio. seit 2000 wird live von der Frankfurter Buchmesse und seit 2005 auch auf der Leipziger Buchmesse in kooperation mit der IG Autorinnen Autoren und dem Verband Freier Radios \u00d6sterreichs programm gemacht. nachzulesen und nachzuh\u00f6ren auf <a href=\"http:\/\/www.literadio.org\" target=\"_blank\" rel=\"noopener noreferrer\">www.literadio.org<\/a>.<br \/>\n<strong>aufdraht\u00a0<\/strong>&#8230; macht fortbildung. seit 2000 wird in kooperation mit der ARGE Freinet das &#8222;<a href=\"http:\/\/sommeratelier.wordpress.com\" target=\"_blank\" rel=\"noopener noreferrer\">Yspertaler Sommeratelier<\/a>&#8220; veranstaltet.<br \/>\n<strong>aufdraht<\/strong> \u2026\u00a0fordert eine medienpolitik, die medien zu modernen kommunikationsinstrumenten f\u00fcr die menschen und nicht ausschlie\u00dflich zur verkommerzialisierten ware macht.<br \/>\ndie \u00f6sterreichische medienlandschaft ist international einzigartig. einzigartig vor allem aufgrund der vorhandenen medienkonzentration. die &#8222;liberalisierung&#8220; der \u00f6sterreichischen medienlandschaft durch zulassung von privat-kommerziellem rundfunk per gesetz hat nur eines bisher zutage gebracht: eine weitere st\u00e4rkung der nationalen kommerziellen marktleader. der 3. sektor, die nicht kommerziellen rundfunkstationen werden gesetzlich weitgehend ignoriert.<br \/>\nvon f\u00f6rderung einer medienvielfalt ist weit und breit nichts zu h\u00f6ren oder zu sehen. kleine zeitungen k\u00e4mpfen ums \u00fcberleben, nicht-kommerzielle radiostationen erhalten die schw\u00e4chsten frequenzen, bandbreiten f\u00fcr kulturelle netzinitiativen werden nicht reserviert. es gilt selbst die intiative zu ergreifen und sich einzumischen.<br \/>\n<strong>\u00a0aufdraht<\/strong> \u2026bietet durch kooperationen mit nicht-kommerziellen dritten mediensektor in \u00f6sterreich und europa lokal den zugang zur verbreitung von medienproduktionen ohne zensur durch marktkonformit\u00e4t und werbepartner.<br \/>\n<strong>aufdraht<\/strong> &#8230; ist mitglied des <a href=\"http:\/\/www.freie-radios.at\" target=\"_blank\" rel=\"noopener noreferrer\">verbandes freier radios \u00f6sterreichs <\/a>und der \u00a0<a style=\"color: #003399;\" title=\"ig kultur\" href=\"http:\/\/igkultur.at\/\" target=\"_blank\" rel=\"noopener noreferrer\">IG Kultur<\/a><span style=\"color: #666666;\">\u00a0<\/span>.<br \/>\n&nbsp;<\/p>\n","protected":false},"excerpt":{"rendered":"<p>aufdraht &#8230;\u00a0veranstaltet diskussionen, lesungen, konzerte, installationen, ausstellungen, seminare und workshops, setzt kultur- und medienpolitische intiativen und unterst\u00fctzt kulturinitativen und interessierte einzelpersonen bei medialen projekten.\u00a0 aufdraht &#8230; macht literaturradio. seit 2000 wird live von der Frankfurter Buchmesse und seit 2005 auch auf der Leipziger Buchmesse in kooperation mit der IG Autorinnen Autoren und dem Verband Freier &hellip; <a href=\"https:\/\/aufdraht.org\/?page_id=25\" class=\"more-link\">Continue reading <span class=\"screen-reader-text\">aktiv<\/span> <span class=\"meta-nav\">&rarr;<\/span><\/a><\/p>\n","protected":false},"author":2,"featured_media":0,"parent":0,"menu_order":0,"comment_status":"open","ping_status":"open","template":"","meta":{"footnotes":""},"_links":{"self":[{"href":"https:\/\/aufdraht.org\/index.php?rest_route=\/wp\/v2\/pages\/25"}],"collection":[{"href":"https:\/\/aufdraht.org\/index.php?rest_route=\/wp\/v2\/pages"}],"about":[{"href":"https:\/\/aufdraht.org\/index.php?rest_route=\/wp\/v2\/types\/page"}],"author":[{"embeddable":true,"href":"https:\/\/aufdraht.org\/index.php?rest_route=\/wp\/v2\/users\/2"}],"replies":[{"embeddable":true,"href":"https:\/\/aufdraht.org\/index.php?rest_route=%2Fwp%2Fv2%2Fcomments&post=25"}],"version-history":[{"count":0,"href":"https:\/\/aufdraht.org\/index.php?rest_route=\/wp\/v2\/pages\/25\/revisions"}],"wp:attachment":[{"href":"https:\/\/aufdraht.org\/index.php?rest_route=%2Fwp%2Fv2%2Fmedia&parent=25"}],"curies":[{"name":"wp","href":"https:\/\/api.w.org\/{rel}","templated":true}]}}