{"id":167,"date":"2014-07-19T20:35:43","date_gmt":"2014-07-19T18:35:43","guid":{"rendered":"http:\/\/www.aufdraht.org\/?page_id=167"},"modified":"2014-07-19T20:35:43","modified_gmt":"2014-07-19T18:35:43","slug":"herr-ernst-gedichte","status":"publish","type":"page","link":"https:\/\/aufdraht.org\/?page_id=167","title":{"rendered":"herr ernst gedichte"},"content":{"rendered":"<p>diese tabelle f\u00fchrt ins archiv. klick auf den schalter und du gelangst zu den gedichten.<br \/>\n&nbsp;<\/p>\n<table border=\"0\" width=\"831\" cellspacing=\"0\" cellpadding=\"0\">\n<tbody>\n<tr>\n<td width=\"4\" height=\"21\"><\/td>\n<td width=\"155\" height=\"21\"><\/td>\n<td valign=\"top\" width=\"575\" height=\"21\">\n<table border=\"1\" width=\"428\">\n<tbody>\n<tr>\n<td width=\"18\" height=\"28\">\n<div align=\"center\"><b><span style=\"color: #cc0000; font-family: Arial; font-size: medium;\">1<\/span><\/b><\/div>\n<\/td>\n<td width=\"258\" height=\"28\"><b><span style=\"color: #cc0000; font-family: Arial; font-size: medium;\">herr ernst f\u00e4hrt los<\/span><\/b><\/td>\n<td width=\"30\" height=\"28\"><b><span style=\"font-family: Arial, Helvetica, sans-serif; font-size: x-large;\"><a href=\"http:\/\/archiv.aufdraht.org\/ernst\/w_hrernst_texte1.htm\"><img loading=\"lazy\" decoding=\"async\" src=\"http:\/\/archiv.aufdraht.org\/pics\/wippe_ein_w.gif\" alt=\"\" width=\"41\" height=\"44\" align=\"absmiddle\" border=\"0\" \/><\/a><\/span><\/b><\/td>\n<\/tr>\n<tr>\n<td width=\"18\" height=\"44\">\n<div align=\"center\"><b><span style=\"color: #cc0000; font-family: Arial; font-size: medium;\">2<\/span><\/b><\/div>\n<\/td>\n<td width=\"258\" height=\"44\"><b><span style=\"color: #cc0000; font-family: Arial; font-size: medium;\">herr ernst f\u00e4hrt gegen alle<\/span><\/b><\/td>\n<td width=\"30\" height=\"44\"><b><span style=\"font-family: Arial, Helvetica, sans-serif; font-size: x-large;\"><a href=\"http:\/\/archiv.aufdraht.org\/ernst\/w_hrernst_texte2.htm\"><img loading=\"lazy\" decoding=\"async\" src=\"http:\/\/archiv.aufdraht.org\/pics\/wippe_ein_w.gif\" alt=\"\" width=\"41\" height=\"44\" align=\"absmiddle\" border=\"0\" \/><\/a><\/span><\/b><\/td>\n<\/tr>\n<tr>\n<td width=\"18\" height=\"44\">\n<div align=\"center\"><b><span style=\"color: #cc0000; font-family: Arial; font-size: medium;\">3<\/span><\/b><\/div>\n<\/td>\n<td width=\"258\" height=\"44\"><b><span style=\"color: #cc0000; font-family: Arial; font-size: medium;\">herr ernst f\u00e4hrt auf dem holzweg<\/span><\/b><\/td>\n<td width=\"30\" height=\"44\"><b><span style=\"font-family: Arial, Helvetica, sans-serif; font-size: x-large;\"><a href=\"http:\/\/archiv.aufdraht.org\/ernst\/w_hrernst_texte3.htm\"><img loading=\"lazy\" decoding=\"async\" src=\"http:\/\/archiv.aufdraht.org\/pics\/wippe_ein_w.gif\" alt=\"\" width=\"41\" height=\"44\" align=\"absmiddle\" border=\"0\" \/><\/a><\/span><\/b><\/td>\n<\/tr>\n<tr>\n<td width=\"18\" height=\"44\">\n<div align=\"center\"><b><span style=\"color: #cc0000; font-family: Arial; font-size: medium;\">4<\/span><\/b><\/div>\n<\/td>\n<td width=\"258\" height=\"44\"><b><span style=\"color: #cc0000; font-family: Arial; font-size: medium;\">herr ernst f\u00e4hrt auf dem mond<\/span><\/b><\/td>\n<td width=\"30\" height=\"44\"><b><span style=\"font-family: Arial, Helvetica, sans-serif; font-size: x-large;\"><a href=\"http:\/\/archiv.aufdraht.org\/ernst\/w_hrernst_texte4.htm\"><img loading=\"lazy\" decoding=\"async\" src=\"http:\/\/archiv.aufdraht.org\/pics\/wippe_ein_w.gif\" alt=\"\" width=\"41\" height=\"44\" align=\"absmiddle\" border=\"0\" \/><\/a><\/span><\/b><\/td>\n<\/tr>\n<tr>\n<td width=\"18\" height=\"44\">\n<div align=\"center\"><b><span style=\"color: #cc0000; font-family: Arial; font-size: medium;\">5<\/span><\/b><\/div>\n<\/td>\n<td width=\"258\" height=\"44\"><b><span style=\"color: #cc0000; font-family: Arial; font-size: medium;\">herr ernst f\u00e4hrt aufs konzert<\/span><\/b><\/td>\n<td width=\"30\" height=\"44\"><b><span style=\"font-family: Arial, Helvetica, sans-serif; font-size: x-large;\"><a href=\"http:\/\/archiv.aufdraht.org\/ernst\/w_hrernst_texte5.htm\"><img loading=\"lazy\" decoding=\"async\" src=\"http:\/\/archiv.aufdraht.org\/pics\/wippe_ein_w.gif\" alt=\"\" width=\"41\" height=\"44\" align=\"absmiddle\" border=\"0\" \/><\/a><\/span><\/b><\/td>\n<\/tr>\n<tr>\n<td width=\"18\" height=\"44\">\n<div align=\"center\"><b><span style=\"color: #cc0000; font-family: Arial; font-size: medium;\">6<\/span><\/b><\/div>\n<\/td>\n<td width=\"258\" height=\"44\"><b><span style=\"color: #cc0000; font-family: Arial; font-size: medium;\">herr ernst f\u00e4hrt aufw\u00e4rts<\/span><\/b><\/td>\n<td width=\"30\" height=\"44\"><b><span style=\"font-family: Arial, Helvetica, sans-serif; font-size: x-large;\"><a href=\"http:\/\/archiv.aufdraht.org\/ernst\/w_hrernst_texte6.htm\"><img loading=\"lazy\" decoding=\"async\" src=\"http:\/\/archiv.aufdraht.org\/pics\/wippe_ein_w.gif\" alt=\"\" width=\"41\" height=\"44\" align=\"absmiddle\" border=\"0\" \/><\/a><\/span><\/b><\/td>\n<\/tr>\n<tr>\n<td width=\"18\" height=\"44\">\n<div align=\"center\"><b><span style=\"color: #cc0000; font-family: Arial; font-size: medium;\">7<\/span><\/b><\/div>\n<\/td>\n<td width=\"258\" height=\"44\"><b><span style=\"color: #cc0000; font-family: Arial; font-size: medium;\">herr ernst f\u00e4hrt im wald<\/span><\/b><\/td>\n<td width=\"30\" height=\"44\"><b><span style=\"font-family: Arial, Helvetica, sans-serif; font-size: x-large;\"><a href=\"http:\/\/archiv.aufdraht.org\/ernst\/w_hrernst_texte7.htm\"><img loading=\"lazy\" decoding=\"async\" src=\"http:\/\/archiv.aufdraht.org\/pics\/wippe_ein_w.gif\" alt=\"\" width=\"41\" height=\"44\" align=\"absmiddle\" border=\"0\" \/><\/a><\/span><\/b><\/td>\n<\/tr>\n<tr>\n<td width=\"18\" height=\"57\">\n<div align=\"center\"><b><span style=\"color: #cc0000; font-family: Arial; font-size: medium;\">8<\/span><\/b><\/div>\n<\/td>\n<td width=\"258\" height=\"57\"><b><span style=\"color: #cc0000; font-family: Arial; font-size: medium;\">herr ernst f\u00e4hrt zu einem mann,<br \/>\nder immer die rechten worte findet<\/span><\/b><\/td>\n<td width=\"30\" height=\"57\"><b><span style=\"font-family: Arial, Helvetica, sans-serif; font-size: x-large;\"><a href=\"http:\/\/archiv.aufdraht.org\/ernst\/w_hrernst_texte8.htm\"><img loading=\"lazy\" decoding=\"async\" src=\"http:\/\/archiv.aufdraht.org\/pics\/wippe_ein_w.gif\" alt=\"\" width=\"41\" height=\"44\" align=\"absmiddle\" border=\"0\" \/><\/a><\/span><\/b><\/td>\n<\/tr>\n<tr>\n<td width=\"18\" height=\"44\">\n<div align=\"center\"><b><span style=\"color: #cc0000; font-family: Arial; font-size: medium;\">9<\/span><\/b><\/div>\n<\/td>\n<td width=\"258\" height=\"44\"><b><span style=\"color: #cc0000; font-family: Arial; font-size: medium;\">herr ernst f\u00e4hrt ins ausland<\/span><\/b><\/td>\n<td width=\"30\" height=\"44\"><b><span style=\"font-family: Arial, Helvetica, sans-serif; font-size: x-large;\"><a href=\"http:\/\/archiv.aufdraht.org\/ernst\/w_hrernst_texte9.htm\"><img loading=\"lazy\" decoding=\"async\" src=\"http:\/\/archiv.aufdraht.org\/pics\/wippe_ein_w.gif\" alt=\"\" width=\"41\" height=\"44\" align=\"absmiddle\" border=\"0\" \/><\/a><\/span><\/b><\/td>\n<\/tr>\n<tr>\n<td width=\"18\" height=\"44\">\n<div align=\"center\"><b><span style=\"color: #cc0000; font-family: Arial; font-size: medium;\">10<\/span><\/b><\/div>\n<\/td>\n<td width=\"258\" height=\"44\"><b><span style=\"color: #cc0000; font-family: Arial; font-size: medium;\">herr ernst f\u00e4hrt ums eck<\/span><\/b><\/td>\n<td width=\"30\" height=\"44\"><b><span style=\"font-family: Arial, Helvetica, sans-serif; font-size: x-large;\"><a href=\"http:\/\/archiv.aufdraht.org\/ernst\/w_hrernst_texte10.htm\"><img loading=\"lazy\" decoding=\"async\" src=\"http:\/\/archiv.aufdraht.org\/pics\/wippe_ein_w.gif\" alt=\"\" width=\"41\" height=\"44\" align=\"absmiddle\" border=\"0\" \/><\/a><\/span><\/b><\/td>\n<\/tr>\n<tr>\n<td width=\"18\" height=\"44\">\n<div align=\"center\"><b><span style=\"color: #cc0000; font-family: Arial; font-size: medium;\">11<\/span><\/b><\/div>\n<\/td>\n<td width=\"258\" height=\"44\"><b><span style=\"color: #cc0000; font-family: Arial; font-size: medium;\">herr ernst f\u00e4hrt auf ein bier<\/span><\/b><\/td>\n<td width=\"30\" height=\"44\"><b><span style=\"font-family: Arial, Helvetica, sans-serif; font-size: x-large;\"><a href=\"http:\/\/archiv.aufdraht.org\/ernst\/w_hrernst_texte11.htm\"><img loading=\"lazy\" decoding=\"async\" src=\"http:\/\/archiv.aufdraht.org\/pics\/wippe_ein_w.gif\" alt=\"\" width=\"41\" height=\"44\" align=\"absmiddle\" border=\"0\" \/><\/a><\/span><\/b><\/td>\n<\/tr>\n<tr>\n<td width=\"18\" height=\"44\">\n<div align=\"center\"><b><span style=\"color: #cc0000; font-family: Arial; font-size: medium;\">12<\/span><\/b><\/div>\n<\/td>\n<td width=\"258\" height=\"44\"><b><span style=\"color: #cc0000; font-family: Arial; font-size: medium;\">herr ernst f\u00e4hrt zum griechen<\/span><\/b><\/td>\n<td width=\"30\" height=\"44\"><b><span style=\"font-family: Arial, Helvetica, sans-serif; font-size: x-large;\"><a href=\"http:\/\/archiv.aufdraht.org\/ernst\/w_hrernst_texte12.htm\"><img loading=\"lazy\" decoding=\"async\" src=\"http:\/\/archiv.aufdraht.org\/pics\/wippe_ein_w.gif\" alt=\"\" width=\"41\" height=\"44\" align=\"absmiddle\" border=\"0\" \/><\/a><\/span><\/b><\/td>\n<\/tr>\n<tr>\n<td width=\"18\" height=\"44\">\n<div align=\"center\"><b><span style=\"color: #cc0000; font-family: Arial; font-size: medium;\">13<\/span><\/b><\/div>\n<\/td>\n<td width=\"258\" height=\"44\"><b><span style=\"color: #cc0000; font-family: Arial; font-size: medium;\">herr ernst f\u00e4hrt einer taube \u00fcber&#8230;<\/span><\/b><\/td>\n<td width=\"30\" height=\"44\"><b><span style=\"font-family: Arial, Helvetica, sans-serif; font-size: x-large;\"><a href=\"http:\/\/archiv.aufdraht.org\/ernst\/w_hrernst_texte13.htm\"><img loading=\"lazy\" decoding=\"async\" src=\"http:\/\/archiv.aufdraht.org\/pics\/wippe_ein_w.gif\" alt=\"\" width=\"41\" height=\"44\" align=\"absmiddle\" border=\"0\" \/><\/a><\/span><\/b><\/td>\n<\/tr>\n<tr>\n<td width=\"18\" height=\"44\">\n<div align=\"center\"><b><span style=\"color: #cc0000; font-family: Arial; font-size: medium;\">14<\/span><\/b><\/div>\n<\/td>\n<td width=\"258\" height=\"44\"><b><span style=\"color: #cc0000; font-family: Arial; font-size: medium;\">herr ernst f\u00e4hrt ins gl\u00fcck<\/span><\/b><\/td>\n<td width=\"30\" height=\"44\"><b><span style=\"font-family: Arial, Helvetica, sans-serif; font-size: x-large;\"><a href=\"http:\/\/archiv.aufdraht.org\/ernst\/w_hrernst_texte14.htm\"><img loading=\"lazy\" decoding=\"async\" src=\"http:\/\/archiv.aufdraht.org\/pics\/wippe_ein_w.gif\" alt=\"\" width=\"41\" height=\"44\" align=\"absmiddle\" border=\"0\" \/><\/a><\/span><\/b><\/td>\n<\/tr>\n<tr>\n<td width=\"18\" height=\"44\">\n<div align=\"center\"><b><span style=\"color: #cc0000; font-family: Arial; font-size: medium;\">15<\/span><\/b><\/div>\n<\/td>\n<td width=\"258\" height=\"44\"><b><span style=\"color: #cc0000; font-family: Arial; font-size: medium;\">herr ernst f\u00e4hrt wie in trance<\/span><\/b><\/td>\n<td width=\"30\" height=\"44\"><b><span style=\"font-family: Arial, Helvetica, sans-serif; font-size: x-large;\"><a href=\"http:\/\/archiv.aufdraht.org\/ernst\/w_hrernst_texte15.htm\"><img loading=\"lazy\" decoding=\"async\" src=\"http:\/\/archiv.aufdraht.org\/pics\/wippe_ein_w.gif\" alt=\"\" width=\"41\" height=\"44\" align=\"absmiddle\" border=\"0\" \/><\/a><\/span><\/b><\/td>\n<\/tr>\n<tr>\n<td width=\"18\" height=\"44\">\n<div align=\"center\"><b><span style=\"color: #cc0000; font-family: Arial; font-size: medium;\">16<\/span><\/b><\/div>\n<\/td>\n<td width=\"258\" height=\"44\"><b><span style=\"color: #cc0000; font-family: Arial; font-size: medium;\">herr ernst f\u00e4hrt durch die wand<\/span><\/b><\/td>\n<td width=\"30\" height=\"44\"><b><span style=\"font-family: Arial, Helvetica, sans-serif; font-size: x-large;\"><a href=\"http:\/\/archiv.aufdraht.org\/ernst\/w_hrernst_texte16.htm\"><img loading=\"lazy\" decoding=\"async\" src=\"http:\/\/archiv.aufdraht.org\/pics\/wippe_ein_w.gif\" alt=\"\" width=\"41\" height=\"44\" align=\"absmiddle\" border=\"0\" \/><\/a><\/span><\/b><\/td>\n<\/tr>\n<tr>\n<td width=\"18\" height=\"44\">\n<div align=\"center\"><b><span style=\"color: #cc0000; font-family: Arial; font-size: medium;\">17<\/span><\/b><\/div>\n<\/td>\n<td width=\"258\" height=\"44\"><b><span style=\"color: #cc0000; font-family: Arial; font-size: medium;\">herr ernst f\u00e4hrt zu den armen<\/span><\/b><\/td>\n<td width=\"30\" height=\"44\"><b><span style=\"font-family: Arial, Helvetica, sans-serif; font-size: x-large;\"><a href=\"http:\/\/archiv.aufdraht.org\/ernst\/w_hrernst_texte17.htm\"><img loading=\"lazy\" decoding=\"async\" src=\"http:\/\/archiv.aufdraht.org\/pics\/wippe_ein_w.gif\" alt=\"\" width=\"41\" height=\"44\" align=\"absmiddle\" border=\"0\" \/><\/a><\/span><\/b><\/td>\n<\/tr>\n<tr>\n<td width=\"18\" height=\"44\">\n<div align=\"center\"><b><span style=\"color: #cc0000; font-family: Arial; font-size: medium;\">18<\/span><\/b><\/div>\n<\/td>\n<td width=\"258\" height=\"44\"><b><span style=\"color: #cc0000; font-family: Arial; font-size: medium;\">herr ernst f\u00e4hrt nicht warum<\/span><\/b><\/td>\n<td width=\"30\" height=\"44\"><b><span style=\"font-family: Arial, Helvetica, sans-serif; font-size: x-large;\"><a href=\"http:\/\/archiv.aufdraht.org\/ernst\/w_hrernst_texte18.htm\"><img loading=\"lazy\" decoding=\"async\" src=\"http:\/\/archiv.aufdraht.org\/pics\/wippe_ein_w.gif\" alt=\"\" width=\"41\" height=\"44\" align=\"absmiddle\" border=\"0\" \/><\/a><\/span><\/b><\/td>\n<\/tr>\n<tr>\n<td width=\"18\" height=\"44\">\n<div align=\"center\"><b><span style=\"color: #cc0000; font-family: Arial; font-size: medium;\">19<\/span><\/b><\/div>\n<\/td>\n<td width=\"258\" height=\"44\"><b><span style=\"color: #cc0000; font-family: Arial; font-size: medium;\">herr ernst f\u00e4hrt zum zenmeister<\/span><\/b><\/td>\n<td width=\"30\" height=\"44\"><b><span style=\"font-family: Arial, Helvetica, sans-serif; font-size: x-large;\"><a href=\"http:\/\/archiv.aufdraht.org\/ernst\/w_hrernst_texte19.htm\"><img loading=\"lazy\" decoding=\"async\" src=\"http:\/\/archiv.aufdraht.org\/pics\/wippe_ein_w.gif\" alt=\"\" width=\"41\" height=\"44\" align=\"absmiddle\" border=\"0\" \/><\/a><\/span><\/b><\/td>\n<\/tr>\n<tr>\n<td width=\"18\" height=\"44\">\n<div align=\"center\"><b><span style=\"color: #cc0000; font-family: Arial; font-size: medium;\">20<\/span><\/b><\/div>\n<\/td>\n<td width=\"258\" height=\"44\"><b><span style=\"color: #cc0000; font-family: Arial; font-size: medium;\">herr ernst f\u00e4hrt um die welt<\/span><\/b><\/td>\n<td width=\"30\" height=\"44\"><b><span style=\"font-family: Arial, Helvetica, sans-serif; font-size: x-large;\"><a href=\"http:\/\/archiv.aufdraht.org\/ernst\/w_hrernst_texte20.htm\"><img loading=\"lazy\" decoding=\"async\" src=\"http:\/\/archiv.aufdraht.org\/pics\/wippe_ein_w.gif\" alt=\"\" width=\"41\" height=\"44\" align=\"absmiddle\" border=\"0\" \/><\/a><\/span><\/b><\/td>\n<\/tr>\n<\/tbody>\n<\/table>\n<\/td>\n<\/tr>\n<\/tbody>\n<\/table>\n","protected":false},"excerpt":{"rendered":"<p>diese tabelle f\u00fchrt ins archiv. klick auf den schalter und du gelangst zu den gedichten. &nbsp; 1 herr ernst f\u00e4hrt los 2 herr ernst f\u00e4hrt gegen alle 3 herr ernst f\u00e4hrt auf dem holzweg 4 herr ernst f\u00e4hrt auf dem mond 5 herr ernst f\u00e4hrt aufs konzert 6 herr ernst f\u00e4hrt aufw\u00e4rts 7 herr ernst &hellip; <a href=\"https:\/\/aufdraht.org\/?page_id=167\" class=\"more-link\">Continue reading <span class=\"screen-reader-text\">herr ernst gedichte<\/span> <span class=\"meta-nav\">&rarr;<\/span><\/a><\/p>\n","protected":false},"author":2,"featured_media":0,"parent":25,"menu_order":0,"comment_status":"open","ping_status":"open","template":"","meta":{"footnotes":""},"_links":{"self":[{"href":"https:\/\/aufdraht.org\/index.php?rest_route=\/wp\/v2\/pages\/167"}],"collection":[{"href":"https:\/\/aufdraht.org\/index.php?rest_route=\/wp\/v2\/pages"}],"about":[{"href":"https:\/\/aufdraht.org\/index.php?rest_route=\/wp\/v2\/types\/page"}],"author":[{"embeddable":true,"href":"https:\/\/aufdraht.org\/index.php?rest_route=\/wp\/v2\/users\/2"}],"replies":[{"embeddable":true,"href":"https:\/\/aufdraht.org\/index.php?rest_route=%2Fwp%2Fv2%2Fcomments&post=167"}],"version-history":[{"count":0,"href":"https:\/\/aufdraht.org\/index.php?rest_route=\/wp\/v2\/pages\/167\/revisions"}],"up":[{"embeddable":true,"href":"https:\/\/aufdraht.org\/index.php?rest_route=\/wp\/v2\/pages\/25"}],"wp:attachment":[{"href":"https:\/\/aufdraht.org\/index.php?rest_route=%2Fwp%2Fv2%2Fmedia&parent=167"}],"curies":[{"name":"wp","href":"https:\/\/api.w.org\/{rel}","templated":true}]}}