{"id":1265,"date":"2021-06-03T16:57:56","date_gmt":"2021-06-03T14:57:56","guid":{"rendered":"https:\/\/aufdraht.org\/?page_id=1265"},"modified":"2022-04-10T23:41:03","modified_gmt":"2022-04-10T21:41:03","slug":"langzeitateliers-fachtagung-2022","status":"publish","type":"page","link":"https:\/\/aufdraht.org\/?page_id=1265","title":{"rendered":"Langzeitateliers Fachtagung 2022"},"content":{"rendered":"\r\n<h3 class=\"wp-block-heading\"># Gl\u00fcck &#8211; Kann Mensch in der Schule\/Arbeit gl\u00fccklich sein?<\/h3>\r\n\r\n\r\n\r\n<div class=\"wp-block-image\">\r\n<figure class=\"alignleft size-medium is-resized\"><img loading=\"lazy\" decoding=\"async\" class=\"wp-image-1266\" src=\"https:\/\/aufdraht.org\/wp-content\/uploads\/2021\/06\/glueck-108x300.jpg\" alt=\"\" width=\"87\" height=\"243\" srcset=\"https:\/\/aufdraht.org\/wp-content\/uploads\/2021\/06\/glueck-108x300.jpg 108w, https:\/\/aufdraht.org\/wp-content\/uploads\/2021\/06\/glueck-368x1024.jpg 368w, https:\/\/aufdraht.org\/wp-content\/uploads\/2021\/06\/glueck-768x2135.jpg 768w, https:\/\/aufdraht.org\/wp-content\/uploads\/2021\/06\/glueck-553x1536.jpg 553w, https:\/\/aufdraht.org\/wp-content\/uploads\/2021\/06\/glueck-737x2048.jpg 737w, https:\/\/aufdraht.org\/wp-content\/uploads\/2021\/06\/glueck-scaled.jpg 921w\" sizes=\"(max-width: 87px) 100vw, 87px\" \/><\/figure>\r\n<\/div>\r\n\r\n\r\n\r\n<p>Wird Gl\u00fcck in der Schule unterrichtet oder unterbunden?<br \/>K\u00f6nnen ungl\u00fcckliche Eltern\/Erzieher*Innen\/Erwachsene Gl\u00fcck vermitteln? Ist Gl\u00fcck \u00fcberhaupt ein erstrebenswertes Ziel? Wir werden uns freinetisch diesen Fragen ann\u00e4hern, in Philosophie, Kunst, Psychologie, Physik, Biologie, Soziologie,\u2026 herumstochern, und wenn nicht Antworten, dann mit Sicherheit neue Fragen finden,\u2026<\/p>\r\n\r\n\r\n\r\n<p>Bernd und Radim<\/p>\r\n\r\n\r\n\r\n<p>&nbsp;<\/p>\r\n\r\n\r\n\r\n<figure class=\"wp-block-image size-large is-style-default\"><img loading=\"lazy\" decoding=\"async\" width=\"661\" height=\"338\" class=\"wp-image-1309\" src=\"https:\/\/aufdraht.org\/wp-content\/uploads\/2021\/06\/merz2-2.png\" alt=\"\" srcset=\"https:\/\/aufdraht.org\/wp-content\/uploads\/2021\/06\/merz2-2.png 661w, https:\/\/aufdraht.org\/wp-content\/uploads\/2021\/06\/merz2-2-300x153.png 300w\" sizes=\"(max-width: 661px) 100vw, 661px\" \/><\/figure>\r\n\r\n\r\n\r\n<h3 class=\"wp-block-heading\"># <span style=\"font-size: large;\"><span lang=\"de-DE\"><strong>Drau\u00dfen unterrichten<\/strong><\/span><\/span><\/h3>\r\n\r\n\r\n\r\n<figure class=\"wp-block-image size-large is-resized is-style-default\"><img loading=\"lazy\" decoding=\"async\" class=\"wp-image-1269 alignleft\" src=\"https:\/\/aufdraht.org\/wp-content\/uploads\/2021\/06\/Ast-Buchstaben-1024x683.jpg\" alt=\"\" width=\"231\" height=\"153\" srcset=\"https:\/\/aufdraht.org\/wp-content\/uploads\/2021\/06\/Ast-Buchstaben-1024x683.jpg 1024w, https:\/\/aufdraht.org\/wp-content\/uploads\/2021\/06\/Ast-Buchstaben-300x200.jpg 300w, https:\/\/aufdraht.org\/wp-content\/uploads\/2021\/06\/Ast-Buchstaben-768x512.jpg 768w, https:\/\/aufdraht.org\/wp-content\/uploads\/2021\/06\/Ast-Buchstaben.jpg 1200w\" sizes=\"(max-width: 231px) 100vw, 231px\" \/><\/figure>\r\n\r\n\r\n\r\n<div class=\"wp-block-group\">\r\n<div class=\"wp-block-group__inner-container is-layout-flow wp-block-group-is-layout-flow\">\r\n<p class=\"has-drop-cap\"><span style=\"font-family: Times New Roman, serif;\"><span style=\"font-size: medium;\"><span lang=\"de-AT\">Wir zeigen euch praxisnah an unterschiedlichen Beispielen, wie \u201eDrau\u00dfen unterrichten\u201c gelingen kann und lehrplanad\u00e4quate Inhalte umgesetzt werden k\u00f6nnen. Rauszugehen kann auf vielf\u00e4ltige Weise bereichernd, lernf\u00f6rdernd und st\u00e4rkend sein und Kinder profitieren im kognitiven, emotionalen, sozialen, kreativen und gesundheitlichen Bereich. <br \/>Die Natur ist dabei nicht nur eine Zugabe, sondern ein wichtiges Mittel, um fachspezifische und f\u00e4cher\u00fcbergreifende Unterrichtsziele zu erf\u00fcllen. Das gilt f\u00fcr Mathematik genauso wie f\u00fcr Sprachen, Musik, Bewegung und Sport usw. Das kann in einem Wald oder am Bach gelingen, aber auch am Schulhof oder in der Wiese neben der Schule. Diesen ganzheitlichen, f\u00e4cher\u00fcbergreifenden Kompetenzerwerb m\u00f6chten wir mit euch erleben.<\/span><\/span><\/span><\/p>\r\n\r\n\r\n\r\n<p>Martina &amp; Michi Krobath<\/p>\r\n<h3><\/h3>\r\n<\/div>\r\n<\/div>\r\n<h3>\r\n\r\n<\/h3>\r\n<h3><strong># Freinet \u2013 Theorie \u2013 Basics \u2013 Texte \u2013 Schreiben<\/strong><\/h3>\r\n\r\n\r\n\r\n<figure class=\"wp-block-image size-large is-style-default\"><img loading=\"lazy\" decoding=\"async\" width=\"200\" height=\"150\" class=\"wp-image-1267 alignleft\" src=\"https:\/\/aufdraht.org\/wp-content\/uploads\/2021\/06\/freinet_1.jpeg\" alt=\"\" \/><\/figure>\r\n\r\n\r\n\r\n<p><strong>Info f\u00fcr Interessent*innen:<\/strong> Begriffe werden ben\u00fctzt, ohne genaue Kenntnis dessen was sie beschreiben \u2013 Schlagworte reichen (oft) nicht, weil Sprechende stillschweigend davon ausgehen, dass sie verstanden werden \u2013 Bedeutungen und Inhalt \u00e4ndern sich, das sollte diskutiert werden \u2013 Bitte Schreibzeug (Bleistift, Kuli, F\u00fcllfeder, Filzstift, Buntstift &#8230;) und Papier (gro\u00df, klein, wei\u00df, farbig, kariert, liniert &#8230;) eventuell auch eine harte Schreibunterlage mitbringen! <br \/>So du B\u00fccher und Texte von\/\u00fcber Freinet hast, bitte ebenfalls mitbringen.<\/p>\r\n\r\n\r\n\r\n<p>Eva Neureiter, Wanda Gr\u00fcnwald, Ingrid Schierer<\/p>\r\n\r\n\r\n\r\n<h3 class=\"wp-block-heading\"># <strong>\u201e\u2026 nur wer gerne liest, kann lesen \u2026\u201c<\/strong><\/h3>\r\n\r\n\r\n\r\n<figure class=\"wp-block-image size-large is-resized is-style-default\"><img loading=\"lazy\" decoding=\"async\" class=\"wp-image-1268 alignleft\" src=\"https:\/\/aufdraht.org\/wp-content\/uploads\/2021\/06\/ilka1.png\" alt=\"\" width=\"232\" height=\"141\" srcset=\"https:\/\/aufdraht.org\/wp-content\/uploads\/2021\/06\/ilka1.png 902w, https:\/\/aufdraht.org\/wp-content\/uploads\/2021\/06\/ilka1-300x184.png 300w, https:\/\/aufdraht.org\/wp-content\/uploads\/2021\/06\/ilka1-768x470.png 768w\" sizes=\"(max-width: 232px) 100vw, 232px\" \/><\/figure>\r\n\r\n\r\n\r\n<p>Eine Herausforderung f\u00fcr uns Lehrer*innen!<\/p>\r\n\r\n\r\n\r\n<p><strong>Info f\u00fcr Teilnehmer*innen: <\/strong>Keine Zugangsbeschr\u00e4nkung. Nimm eine Decke und dein Lieblingsbuch mit.<\/p>\r\n\r\n\r\n\r\n<p>Ilka Lechner<\/p>\r\n\r\n\r\n\r\n<h3 class=\"wp-block-heading\"># Sachen machen<\/h3>\r\n\r\n\r\n\r\n<figure class=\"wp-block-image is-resized size-large\"><img loading=\"lazy\" decoding=\"async\" class=\"wp-image-1313 alignleft\" src=\"https:\/\/aufdraht.org\/wp-content\/uploads\/2021\/06\/gamako-e1622984017276-1024x768.jpg\" alt=\"\" width=\"235\" height=\"176\" srcset=\"https:\/\/aufdraht.org\/wp-content\/uploads\/2021\/06\/gamako-e1622984017276-1024x768.jpg 1024w, https:\/\/aufdraht.org\/wp-content\/uploads\/2021\/06\/gamako-e1622984017276-300x225.jpg 300w, https:\/\/aufdraht.org\/wp-content\/uploads\/2021\/06\/gamako-e1622984017276-768x576.jpg 768w, https:\/\/aufdraht.org\/wp-content\/uploads\/2021\/06\/gamako-e1622984017276-1536x1152.jpg 1536w, https:\/\/aufdraht.org\/wp-content\/uploads\/2021\/06\/gamako-e1622984017276.jpg 1824w\" sizes=\"(max-width: 235px) 100vw, 235px\" \/><\/figure>\r\n\r\n\r\n\r\n<p>Im vorbereiteten Chaos kannst du dem freien Spiel mit Materialien Platz geben.<\/p>\r\n\r\n\r\n\r\n<p><em>Spiel ist eine T\u00e4tigkeit, die ohne bewussten Zweck zum Vergn\u00fcgen, zur Entspannung, aus Freude an ihr selbst und an ihrem Resultat ausge\u00fcbt wird. <\/em> (Oxford Languages W\u00f6rterbuch)<\/p>\r\n\r\n\r\n\r\n<p>Gabi Kohlgruber (gamako)<\/p>\r\n<h3># Das Gl\u00fcck steht in den Sternen<\/h3>\r\n<div><i><img loading=\"lazy\" decoding=\"async\" class=\"alignleft \" src=\"https:\/\/external-content.duckduckgo.com\/iu\/?u=https%3A%2F%2Ftse2.mm.bing.net%2Fth%3Fid%3DOIP.ZSPHUgDZ4jmotB8OcNIsxwHaFV%26pid%3DApi&amp;f=1\" width=\"195\" height=\"140\" \/>In diesen Atelier entstehen gro\u00dffl\u00e4chige, mehrfarbige\u00a0Drucke von Sternzeichen in der Technik der &#8222;verlorenen Platte&#8220; im Format 50X70.<\/i><\/div>\r\n<div>\u00a0<\/div>\r\n<div>\u00a0<\/div>\r\n<div>Thomas K\u00f6rner<\/div>\r\n\r\n\r\n\r\n\r\n\r\n<h2 class=\"wp-block-heading\"><strong>WEITERE ATELIERANGEBOTE SIND IN PLANUNG<\/strong><\/h2>\r\n","protected":false},"excerpt":{"rendered":"<p># Gl\u00fcck &#8211; Kann Mensch in der Schule\/Arbeit gl\u00fccklich sein? Wird Gl\u00fcck in der Schule unterrichtet oder unterbunden?K\u00f6nnen ungl\u00fcckliche Eltern\/Erzieher*Innen\/Erwachsene Gl\u00fcck vermitteln? Ist Gl\u00fcck \u00fcberhaupt ein erstrebenswertes Ziel? Wir werden uns freinetisch diesen Fragen ann\u00e4hern, in Philosophie, Kunst, Psychologie, Physik, Biologie, Soziologie,\u2026 herumstochern, und wenn nicht Antworten, dann mit Sicherheit neue Fragen finden,\u2026 Bernd und &hellip; <a href=\"https:\/\/aufdraht.org\/?page_id=1265\" class=\"more-link\">Continue reading <span class=\"screen-reader-text\">Langzeitateliers Fachtagung 2022<\/span> <span class=\"meta-nav\">&rarr;<\/span><\/a><\/p>\n","protected":false},"author":2,"featured_media":0,"parent":1252,"menu_order":0,"comment_status":"closed","ping_status":"closed","template":"","meta":{"footnotes":""},"_links":{"self":[{"href":"https:\/\/aufdraht.org\/index.php?rest_route=\/wp\/v2\/pages\/1265"}],"collection":[{"href":"https:\/\/aufdraht.org\/index.php?rest_route=\/wp\/v2\/pages"}],"about":[{"href":"https:\/\/aufdraht.org\/index.php?rest_route=\/wp\/v2\/types\/page"}],"author":[{"embeddable":true,"href":"https:\/\/aufdraht.org\/index.php?rest_route=\/wp\/v2\/users\/2"}],"replies":[{"embeddable":true,"href":"https:\/\/aufdraht.org\/index.php?rest_route=%2Fwp%2Fv2%2Fcomments&post=1265"}],"version-history":[{"count":21,"href":"https:\/\/aufdraht.org\/index.php?rest_route=\/wp\/v2\/pages\/1265\/revisions"}],"predecessor-version":[{"id":1571,"href":"https:\/\/aufdraht.org\/index.php?rest_route=\/wp\/v2\/pages\/1265\/revisions\/1571"}],"up":[{"embeddable":true,"href":"https:\/\/aufdraht.org\/index.php?rest_route=\/wp\/v2\/pages\/1252"}],"wp:attachment":[{"href":"https:\/\/aufdraht.org\/index.php?rest_route=%2Fwp%2Fv2%2Fmedia&parent=1265"}],"curies":[{"name":"wp","href":"https:\/\/api.w.org\/{rel}","templated":true}]}}