{"id":1252,"date":"2021-06-03T12:37:36","date_gmt":"2021-06-03T10:37:36","guid":{"rendered":"https:\/\/aufdraht.org\/?page_id=1252"},"modified":"2021-06-04T15:19:56","modified_gmt":"2021-06-04T13:19:56","slug":"fachtagung-freinet-2022","status":"publish","type":"page","link":"https:\/\/aufdraht.org\/?page_id=1252","title":{"rendered":"Fachtagung Freinet 2022"},"content":{"rendered":"\n<p>von <strong>Freitag, 8. April- Dienstag, 12.April 2022 <\/strong>im <strong><a rel=\"noreferrer noopener\" href=\"https:\/\/www.schloss-zeillern.at\" target=\"_blank\">Schloss Zeillern bei Amstetten (Nieder\u00f6sterreich<\/a>)<\/strong>.<\/p>\n\n\n\n<p>Herzlich eingeladen dazu sind \u00f6sterreichweit Lehrende aller Schulstufen, Kindergartenp\u00e4dagog\/inn\/en, Freizeitp\u00e4dagog\/inn\/en, Studierende und alle, die sich f\u00fcr die P\u00e4dagogik von Elise und C\u00e9lestin Freinet interessieren.<br>Die<a href=\"https:\/\/aufdraht.org\/?page_id=532\" target=\"_blank\" rel=\"noreferrer noopener\"><strong> Anmeldung<\/strong><\/a> ist ab sofort m\u00f6glich. Bitte alle Schritte beachten!<\/p>\n\n\n\n<p>Langzeit-Ateliers, Kurzzeit-Ateliers und offene Gespr\u00e4chsrunden bieten den Rahmen, um sich auszutauschen, Erfahrungen zu teilen, miteinander zu arbeiten und voneinander zu lernen, sowie selbstt\u00e4tig an folgenden Inhalten und Themen zu arbeiten:<br># <em>Freinetp\u00e4dagogik &#8211; Basics<\/em><br>Ausgehend von Texten Freinets sowie von aktuellen Publikationen aus der Freinet-Community werden die Grundelemente der Freinetp\u00e4dagogik vorgestellt und diskutiert.<br><br># <em>Freinetp\u00e4dagogik in der Klasse<\/em><br>Erfahrungsaustausch und Pr\u00e4sentation von Materialien\/Projekten aus der Klassenarbeit. Themen wie Organisation einer Freinetklasse, Klassenrat, Wochenplan, demokratische Prozesse werden behandelt.<br><br># <em>Freier Ausdruck &#8211; Kreatives Arbeiten<\/em><br>Ateliers mit praktischer Arbeit (Musik, Darstellendes Spiel, Malen, Formen, Drucken, \u2026)<\/p>\n\n\n\n<p># <em>Medienarbeit &#8211; Von der Druckerei bis ins Internet<\/em><br>Medienkonvergenz wird erlebbar gemacht. Ateliers zur Arbeit mit digitalen Medien.<\/p>\n\n\n\n<p># <em>Lokales Lernen<\/em><br>Erkunden der Umgebung, Forschendes Lernen mit lokalem Bezug.<\/p>\n\n\n\n<p>Weitere Informationen zum<strong> <a href=\"https:\/\/aufdraht.org\/?page_id=1296\" target=\"_blank\" rel=\"noreferrer noopener\">Ablauf<\/a>, <a rel=\"noreferrer noopener\" href=\"https:\/\/aufdraht.org\/?page_id=1265\" target=\"_blank\">den Ateliers<\/a> <\/strong>und den<strong> <\/strong><a rel=\"noreferrer noopener\" href=\"https:\/\/aufdraht.org\/?page_id=534\" target=\"_blank\"><strong>Kosten<\/strong> <\/a>sind den Webseiten zu entnehmen.<br>Bei Fragen wenden Sie sich bitte per mail an:\u00a0 office (at) kooperative-freinet.at<br>Veranstalterin: <a rel=\"noreferrer noopener\" href=\"https:\/\/www.kooperative-freinet.at\/\" target=\"_blank\">Frein\u00d6<\/a> in Zusammenarbeit mit der PH-Wien und aufdraht<\/p>\n","protected":false},"excerpt":{"rendered":"<p>von Freitag, 8. April- Dienstag, 12.April 2022 im Schloss Zeillern bei Amstetten (Nieder\u00f6sterreich). Herzlich eingeladen dazu sind \u00f6sterreichweit Lehrende aller Schulstufen, Kindergartenp\u00e4dagog\/inn\/en, Freizeitp\u00e4dagog\/inn\/en, Studierende und alle, die sich f\u00fcr die P\u00e4dagogik von Elise und C\u00e9lestin Freinet interessieren.Die Anmeldung ist ab sofort m\u00f6glich. Bitte alle Schritte beachten! Langzeit-Ateliers, Kurzzeit-Ateliers und offene Gespr\u00e4chsrunden bieten den Rahmen, um &hellip; <a href=\"https:\/\/aufdraht.org\/?page_id=1252\" class=\"more-link\">Continue reading <span class=\"screen-reader-text\">Fachtagung Freinet 2022<\/span> <span class=\"meta-nav\">&rarr;<\/span><\/a><\/p>\n","protected":false},"author":2,"featured_media":0,"parent":0,"menu_order":0,"comment_status":"closed","ping_status":"closed","template":"","meta":{"footnotes":""},"_links":{"self":[{"href":"https:\/\/aufdraht.org\/index.php?rest_route=\/wp\/v2\/pages\/1252"}],"collection":[{"href":"https:\/\/aufdraht.org\/index.php?rest_route=\/wp\/v2\/pages"}],"about":[{"href":"https:\/\/aufdraht.org\/index.php?rest_route=\/wp\/v2\/types\/page"}],"author":[{"embeddable":true,"href":"https:\/\/aufdraht.org\/index.php?rest_route=\/wp\/v2\/users\/2"}],"replies":[{"embeddable":true,"href":"https:\/\/aufdraht.org\/index.php?rest_route=%2Fwp%2Fv2%2Fcomments&post=1252"}],"version-history":[{"count":7,"href":"https:\/\/aufdraht.org\/index.php?rest_route=\/wp\/v2\/pages\/1252\/revisions"}],"predecessor-version":[{"id":1300,"href":"https:\/\/aufdraht.org\/index.php?rest_route=\/wp\/v2\/pages\/1252\/revisions\/1300"}],"wp:attachment":[{"href":"https:\/\/aufdraht.org\/index.php?rest_route=%2Fwp%2Fv2%2Fmedia&parent=1252"}],"curies":[{"name":"wp","href":"https:\/\/api.w.org\/{rel}","templated":true}]}}